{"id":28,"date":"2025-05-26T19:30:13","date_gmt":"2025-05-26T19:30:13","guid":{"rendered":"http:\/\/www.notron.net\/index.php\/about\/"},"modified":"2025-06-02T22:20:25","modified_gmt":"2025-06-02T22:20:25","slug":"hakkimizda","status":"publish","type":"page","link":"http:\/\/www.notron.net\/index.php\/hakkimizda\/","title":{"rendered":"Hakk\u0131m\u0131zda"},"content":{"rendered":"\t\t<div data-elementor-type=\"wp-page\" data-elementor-id=\"28\" class=\"elementor elementor-28\" data-elementor-post-type=\"page\">\n\t\t\t\t<div class=\"elementor-element elementor-element-12ecec7f e-flex e-con-boxed e-con e-parent\" data-id=\"12ecec7f\" data-element_type=\"container\" data-e-type=\"container\">\n\t\t\t\t\t<div class=\"e-con-inner\">\n\t\t<div class=\"elementor-element elementor-element-2b6c4ade e-con-full e-flex e-con e-child\" data-id=\"2b6c4ade\" data-element_type=\"container\" data-e-type=\"container\">\n\t\t\t\t<div class=\"elementor-element elementor-element-422dd1ba elementor-widget__width-initial elementor-absolute elementor-widget elementor-widget-spacer\" data-id=\"422dd1ba\" data-element_type=\"widget\" data-e-type=\"widget\" data-settings=\"{&quot;_position&quot;:&quot;absolute&quot;}\" data-widget_type=\"spacer.default\">\n\t\t\t\t<div class=\"elementor-widget-container\">\n\t\t\t\t\t\t\t<div class=\"elementor-spacer\">\n\t\t\t<div class=\"elementor-spacer-inner\"><\/div>\n\t\t<\/div>\n\t\t\t\t\t\t<\/div>\n\t\t\t\t<\/div>\n\t\t\t\t<div class=\"elementor-element elementor-element-322184e5 elementor-invisible elementor-widget elementor-widget-heading\" data-id=\"322184e5\" data-element_type=\"widget\" data-e-type=\"widget\" data-settings=\"{&quot;_animation&quot;:&quot;fadeInUp&quot;}\" data-widget_type=\"heading.default\">\n\t\t\t\t<div class=\"elementor-widget-container\">\n\t\t\t\t\t<h3 class=\"elementor-heading-title elementor-size-default\">Hakk\u0131m\u0131zda<\/h3>\t\t\t\t<\/div>\n\t\t\t\t<\/div>\n\t\t\t\t<div class=\"elementor-element elementor-element-6fcec10 elementor-widget elementor-widget-heading\" data-id=\"6fcec10\" data-element_type=\"widget\" data-e-type=\"widget\" data-widget_type=\"heading.default\">\n\t\t\t\t<div class=\"elementor-widget-container\">\n\t\t\t\t\t<h5 class=\"elementor-heading-title elementor-size-default\">Ahmet Hamamc\u0131o\u011flu Kimdir?<\/h5>\t\t\t\t<\/div>\n\t\t\t\t<\/div>\n\t\t\t\t<div class=\"elementor-element elementor-element-50d15f58 elementor-widget elementor-widget-text-editor\" data-id=\"50d15f58\" data-element_type=\"widget\" data-e-type=\"widget\" data-widget_type=\"text-editor.default\">\n\t\t\t\t<div class=\"elementor-widget-container\">\n\t\t\t\t\t\t\t\t\t<p class=\"ds-markdown-paragraph\"><em>Kimyager, \u0130\u015f \u0130nsan\u0131, Vizyoner ve S\u0131n\u0131rlar\u0131 A\u015fan Bir \u00d6nc\u00fc.<\/em><\/p><p class=\"ds-markdown-paragraph\">Hayat, baz\u0131 insanlara s\u0131radan bir hik\u00e2ye yazmay\u0131 vaat ederken, Ahmet Hamamc\u0131o\u011flu gibi vizyonerler i\u00e7in adeta bir tuval sunar. Kimyager, giri\u015fimci, proje y\u00f6neticisi, dan\u0131\u015fman, akademisyen ve yazar\u2026 Peki, bir insan\u0131n hayat\u0131na bu kadar \u00e7ok renk nas\u0131l s\u0131\u011far? Cevap basit:\u00a0<strong>Durmadan \u00f6\u011frenmek, ke\u015ffetmek ve payla\u015fmakla\u2026<\/strong><\/p>\t\t\t\t\t\t\t\t<\/div>\n\t\t\t\t<\/div>\n\t\t\t\t<\/div>\n\t\t<div class=\"elementor-element elementor-element-7a97840a e-con-full e-flex e-con e-child\" data-id=\"7a97840a\" data-element_type=\"container\" data-e-type=\"container\" data-settings=\"{&quot;background_background&quot;:&quot;classic&quot;}\">\n\t\t\t\t<\/div>\n\t\t\t\t\t<\/div>\n\t\t\t\t<\/div>\n\t\t<div class=\"elementor-element elementor-element-cba9a8f e-flex e-con-boxed e-con e-parent\" data-id=\"cba9a8f\" data-element_type=\"container\" data-e-type=\"container\">\n\t\t\t\t\t<div class=\"e-con-inner\">\n\t\t<div class=\"elementor-element elementor-element-86562da e-con-full e-flex e-con e-child\" data-id=\"86562da\" data-element_type=\"container\" data-e-type=\"container\">\n\t\t\t\t<div class=\"elementor-element elementor-element-f9db85a elementor-widget elementor-widget-text-editor\" data-id=\"f9db85a\" data-element_type=\"widget\" data-e-type=\"widget\" data-widget_type=\"text-editor.default\">\n\t\t\t\t<div class=\"elementor-widget-container\">\n\t\t\t\t\t\t\t\t\t<p class=\"ds-markdown-paragraph\"><strong>Ahmet Hamamc\u0131o\u011flu: Kimya, Ticaret ve Vizyoner Liderlik<\/strong><\/p><p class=\"ds-markdown-paragraph\">Kimyager, i\u015f insan\u0131, proje y\u00f6neticisi, dan\u0131\u015fman ve daha fazlas\u0131\u2026 Ahmet Hamamc\u0131o\u011flu, hayat\u0131na bir\u00e7ok farkl\u0131 rol\u00fc ustal\u0131kla s\u0131\u011fd\u0131rm\u0131\u015f, vizyoner bir isim. Onun hikayesi, s\u0131n\u0131rlar\u0131 a\u015fan bir ba\u015far\u0131 \u00f6yk\u00fcs\u00fc ve disiplinler aras\u0131 bir kariyerin nas\u0131l in\u015fa edilebilece\u011fine dair ilham verici bir rehber niteli\u011finde.<\/p>\t\t\t\t\t\t\t\t<\/div>\n\t\t\t\t<\/div>\n\t\t\t\t<\/div>\n\t\t<div class=\"elementor-element elementor-element-e4b0a95 e-con-full e-flex e-con e-child\" data-id=\"e4b0a95\" data-element_type=\"container\" data-e-type=\"container\">\n\t\t\t\t<div class=\"elementor-element elementor-element-e85bb3b elementor-widget elementor-widget-text-editor\" data-id=\"e85bb3b\" data-element_type=\"widget\" data-e-type=\"widget\" data-widget_type=\"text-editor.default\">\n\t\t\t\t<div class=\"elementor-widget-container\">\n\t\t\t\t\t\t\t\t\t<h3><strong>Akademiden \u0130\u015f D\u00fcnyas\u0131na: Bilim ve Ticaretin Keskin K\u00f6pr\u00fcs\u00fc<\/strong><\/h3><p class=\"ds-markdown-paragraph\">1991 y\u0131l\u0131nda ODT\u00dc Kimya B\u00f6l\u00fcm\u00fc\u2019nden mezun olan Hamamc\u0131o\u011flu, akademik donan\u0131m\u0131n\u0131 i\u015f d\u00fcnyas\u0131n\u0131n dinamikleriyle birle\u015ftirerek 1992\u2019de\u00a0<strong>N\u00f6tron Limited \u015eirketi<\/strong>\u2019nin kurucu orta\u011f\u0131 oldu. Bu ad\u0131m, onun uluslararas\u0131 arenada s\u00f6z sahibi olaca\u011f\u0131 uzun soluklu bir ticaret ser\u00fcveninin de ba\u015flang\u0131c\u0131yd\u0131.<\/p>\t\t\t\t\t\t\t\t<\/div>\n\t\t\t\t<\/div>\n\t\t\t\t<\/div>\n\t\t<div class=\"elementor-element elementor-element-77db3a2 e-con-full e-flex e-con e-child\" data-id=\"77db3a2\" data-element_type=\"container\" data-e-type=\"container\">\n\t\t\t\t<div class=\"elementor-element elementor-element-e942688 elementor-widget elementor-widget-text-editor\" data-id=\"e942688\" data-element_type=\"widget\" data-e-type=\"widget\" data-widget_type=\"text-editor.default\">\n\t\t\t\t<div class=\"elementor-widget-container\">\n\t\t\t\t\t\t\t\t\t<h3><strong>\u00c7in\u2019de Bir T\u00fcrk \u00d6nc\u00fcs\u00fc: Anadolu G\u0131da ve \u00d6tesi<\/strong><\/h3><p class=\"ds-markdown-paragraph\">\u00c7in\u2019in ba\u015fkenti Pekin\u2019de\u00a0<strong>%100 T\u00fcrk sermayeli ilk \u015firket<\/strong>\u00a0olan\u00a0<strong>Anadolu G\u0131da ve Ticaret A.\u015e.<\/strong>\u2019yi kuran Hamamc\u0131o\u011flu, sadece g\u0131da sekt\u00f6r\u00fcnde de\u011fil, farkl\u0131 alanlarda da yat\u0131r\u0131mc\u0131lara rehberlik etti. 1992-2019 y\u0131llar\u0131 aras\u0131nda \u00c7in\u2019de faaliyet g\u00f6steren firmalara dan\u0131\u015fmanl\u0131k yaparak T\u00fcrk i\u015f d\u00fcnyas\u0131n\u0131n Asya\u2019daki temsilcilerinden biri haline geldi.<\/p>\t\t\t\t\t\t\t\t<\/div>\n\t\t\t\t<\/div>\n\t\t\t\t<\/div>\n\t\t<div class=\"elementor-element elementor-element-e519cce e-con-full e-flex e-con e-child\" data-id=\"e519cce\" data-element_type=\"container\" data-e-type=\"container\">\n\t\t\t\t<div class=\"elementor-element elementor-element-7e8fefe elementor-widget elementor-widget-text-editor\" data-id=\"7e8fefe\" data-element_type=\"widget\" data-e-type=\"widget\" data-widget_type=\"text-editor.default\">\n\t\t\t\t<div class=\"elementor-widget-container\">\n\t\t\t\t\t\t\t\t\t<h3><strong>Bilimsel \u00dcretkenlik ve Akademik Katk\u0131lar<\/strong><\/h3><p class=\"ds-markdown-paragraph\">Ticari ba\u015far\u0131lar\u0131n\u0131n yan\u0131 s\u0131ra bilimsel \u00e7al\u0131\u015fmalardan da vazge\u00e7meyen Hamamc\u0131o\u011flu:<\/p><ul><li><p class=\"ds-markdown-paragraph\"><strong>1998-99<\/strong>\u00a0y\u0131llar\u0131nda Afyon Kocatepe \u00dcniversitesi\u2019nde \u00f6\u011fretim g\u00f6revlisi olarak \u00e7al\u0131\u015ft\u0131.<\/p><\/li><li><p class=\"ds-markdown-paragraph\">Kimya alan\u0131ndaki ara\u015ft\u0131rmalar\u0131yla\u00a0<strong>iki kez T\u00dcB\u0130TAK \u00d6d\u00fcl\u00fc<\/strong>\u00a0ald\u0131.<\/p><\/li><li><p class=\"ds-markdown-paragraph\">Singapur ve Pekin\u2019de konferanslar vererek bilgi birikimini uluslararas\u0131 platformlara ta\u015f\u0131d\u0131.<\/p><\/li><\/ul>\t\t\t\t\t\t\t\t<\/div>\n\t\t\t\t<\/div>\n\t\t\t\t<\/div>\n\t\t<div class=\"elementor-element elementor-element-918f380 e-con-full e-flex e-con e-child\" data-id=\"918f380\" data-element_type=\"container\" data-e-type=\"container\">\n\t\t\t\t<div class=\"elementor-element elementor-element-ca2853c elementor-widget elementor-widget-text-editor\" data-id=\"ca2853c\" data-element_type=\"widget\" data-e-type=\"widget\" data-widget_type=\"text-editor.default\">\n\t\t\t\t<div class=\"elementor-widget-container\">\n\t\t\t\t\t\t\t\t\t<h3><strong>Dan\u0131\u015fmanl\u0131k ve Gen\u00e7 Giri\u015fimcilere Yol G\u00f6stericilik<\/strong><\/h3><p class=\"ds-markdown-paragraph\">\u00c7in\u2019deki deneyimlerini\u00a0<strong>bir ba\u015fvuru kitab\u0131yla<\/strong>\u00a0kaleme alan Hamamc\u0131o\u011flu, bug\u00fcn gen\u00e7 giri\u015fimcilere ve yat\u0131r\u0131mc\u0131lara\u00a0<strong>Uzakdo\u011fu pazar\u0131na giri\u015f stratejileri<\/strong>\u00a0konusunda dan\u0131\u015fmanl\u0131k veriyor. Onun rehberli\u011fi, yaln\u0131zca ticari ba\u015far\u0131 de\u011fil, ayn\u0131 zamanda k\u00fclt\u00fcrler aras\u0131 i\u015f yapma becerisi kazand\u0131rmay\u0131 hedefliyor.<\/p><p><strong>Ahmet Hamamc\u0131o\u011flu<\/strong>, kimya biliminin metodik disiplinini, giri\u015fimcilik ruhuyla birle\u015ftirerek s\u0131ra d\u0131\u015f\u0131 bir kariyer in\u015fa etmi\u015f bir isim. Onun hikayesi, s\u0131n\u0131r tan\u0131mayan bir vizyonun neler ba\u015farabilece\u011finin en g\u00fczel \u00f6rneklerinden biri.<\/p>\t\t\t\t\t\t\t\t<\/div>\n\t\t\t\t<\/div>\n\t\t\t\t<\/div>\n\t\t\t\t\t<\/div>\n\t\t\t\t<\/div>\n\t\t<div class=\"elementor-element elementor-element-3a09d88 e-flex e-con-boxed e-con e-parent\" data-id=\"3a09d88\" data-element_type=\"container\" data-e-type=\"container\">\n\t\t\t\t\t<div class=\"e-con-inner\">\n\t\t<div class=\"elementor-element elementor-element-79a1c613 e-con-full e-flex e-con e-child\" data-id=\"79a1c613\" data-element_type=\"container\" data-e-type=\"container\">\n\t\t\t\t<div class=\"elementor-element elementor-element-e145a72 elementor-widget elementor-widget-image\" data-id=\"e145a72\" data-element_type=\"widget\" data-e-type=\"widget\" data-widget_type=\"image.default\">\n\t\t\t\t<div class=\"elementor-widget-container\">\n\t\t\t\t\t\t\t\t\t\t\t\t\t\t\t<img fetchpriority=\"high\" decoding=\"async\" width=\"700\" height=\"990\" src=\"http:\/\/www.notron.net\/wp-content\/uploads\/2025\/06\/ahmet-hamamcioglu-3.jpg\" class=\"attachment-full size-full wp-image-278\" alt=\"\" srcset=\"http:\/\/www.notron.net\/wp-content\/uploads\/2025\/06\/ahmet-hamamcioglu-3.jpg 700w, http:\/\/www.notron.net\/wp-content\/uploads\/2025\/06\/ahmet-hamamcioglu-3-212x300.jpg 212w\" sizes=\"(max-width: 700px) 100vw, 700px\" \/>\t\t\t\t\t\t\t\t\t\t\t\t\t\t\t<\/div>\n\t\t\t\t<\/div>\n\t\t\t\t<\/div>\n\t\t<div class=\"elementor-element elementor-element-370c896d e-con-full e-flex e-con e-child\" data-id=\"370c896d\" data-element_type=\"container\" data-e-type=\"container\">\n\t\t\t\t<div class=\"elementor-element elementor-element-90c7cce elementor-widget elementor-widget-text-editor\" data-id=\"90c7cce\" data-element_type=\"widget\" data-e-type=\"widget\" data-widget_type=\"text-editor.default\">\n\t\t\t\t<div class=\"elementor-widget-container\">\n\t\t\t\t\t\t\t\t\t<h3>Ahmet Hamamc\u0131o\u011flu Kronoloji:<\/h3><p>1992 &#8211; N\u00f6tron Ltd. \u015eti. Kuruldu \/ Kurucu Ortak<br \/>1993 &#8211; \u00c7in NORINCO firmas\u0131 T\u00fcrkiye distrib\u00fct\u00f6rl\u00fc\u011f\u00fc<br \/>1993 &#8211; \u0130lk Citric Asit \u0130thalat\u0131, \u0130lk Bisiklet \u0130thalat\u0131<br \/>1994 &#8211; \u0130lk Vitamin C ithalat\u0131<br \/>1994 &#8211; Singapur\u2019da d\u00fczenlenen \u2018Specialty Chemicals\u2019 konferans\u0131na kat\u0131l\u0131mc\u0131 olarak davet edildi.<br \/>1995 &#8211; Pekin\u2019de d\u00fczenlenen \u2018Specialty Chemicals\u2019 kat\u0131l\u0131mc\u0131 olarak davet edildi.<br \/>1995 &#8211; Pekin\u2019e yerle\u015fti \u015fahsi olarak s\u00fcrekli ofisini a\u00e7t\u0131.<br \/>1996 &#8211; N\u00f6tron M\u00fch. M\u00fc\u015f. Ltd. \u015firketi olarak Pekin\u2019de ilk resmi temsilcilik ofisini a\u00e7t\u0131.<br \/>1996 &#8211; \u00dclker markas\u0131n\u0131n \u00fcr\u00fcnlerini \u00c7in\u2019e ilk ihracat\u0131 ger\u00e7ekle\u015ftirdi.<br \/>1996 &#8211; Y\u0131lmaz Kimya ad\u0131na \u00c7in\u2019den d\u00fczenli olarak Vitamin C ithalat\u0131 ger\u00e7ekle\u015ftirildi.<br \/>1996 &#8211; \u00c7in\u2019den T\u00fcrkiye\u2019ye ilk kez Naproxen Sodyum \u0130thalat\u0131 ger\u00e7ekle\u015ftirildi.<br \/>1997 &#8211; Pekin Ofisi ortaklara devredildi.<br \/>1998 &#8211; 1989 \u2013 Kur\u015fun ge\u00e7irmez yelek yap\u0131m\u0131nda kullan\u0131lan Kevlar ile ilgili \u00e7al\u0131\u015fmalar Ak\u00fc dergisinde bilimsel makale olarak yay\u0131nland\u0131. Proje T\u00fcbitak \u00f6d\u00fcl\u00fc ald\u0131.<br \/>2001 &#8211; \u00c7\u0131\u011f\u0131r Kimya D\u0131\u015f Ticaret M\u00fcd\u00fcr\u00fc<br \/>2006 &#8211; SOM Group D\u0131\u015f Ticaret M\u00fcd\u00fcr\u00fc. Shanghai ofisi a\u00e7\u0131ld\u0131. Group Shanghai merkezli olarak \u00e7al\u0131\u015fmalar\u0131na devam etti.<br \/>2008 &#8211; Beyta\u015f \u00c7elik Grubu D\u0131\u015f Ticaret M\u00fcd\u00fcr\u00fc<br \/>2009 &#8211; Kocaeli Ma\u015fukiye\u2019de Kurulan Nida Su Fabrikas\u0131 Genel M\u00fcd\u00fcr\u00fc ve Kurucu Orta\u011f\u0131<br \/>2013 &#8211; Uzak Do\u011fu ve \u00c7in Ticaret Ticaret Dan\u0131\u015fmanl\u0131\u011f\u0131<br \/>2017 &#8211; T\u00fcrk G\u0131da \u00dcr\u00fcnlerinin \u00c7in\u2019e sat\u0131\u015f\u0131n\u0131 hedefleyen USA\/\u00c7in\/T\u00fcrk ortakl\u0131\u011f\u0131ndaki Ticaret firmas\u0131n\u0131n kurulu\u015fu ve Operasyon M\u00fcd\u00fcr\u00fc<\/p>\t\t\t\t\t\t\t\t<\/div>\n\t\t\t\t<\/div>\n\t\t\t\t<\/div>\n\t\t\t\t\t<\/div>\n\t\t\t\t<\/div>\n\t\t<div class=\"elementor-element elementor-element-2d2b0f9 e-flex e-con-boxed e-con e-parent\" data-id=\"2d2b0f9\" data-element_type=\"container\" data-e-type=\"container\">\n\t\t\t\t\t<div class=\"e-con-inner\">\n\t\t\t\t<div class=\"elementor-element elementor-element-ba10a5c elementor-widget elementor-widget-heading\" data-id=\"ba10a5c\" data-element_type=\"widget\" data-e-type=\"widget\" data-widget_type=\"heading.default\">\n\t\t\t\t<div class=\"elementor-widget-container\">\n\t\t\t\t\t<h2 class=\"elementor-heading-title elementor-size-default\">Ahmet Hamamc\u0131o\u011flu CV\n<\/h2>\t\t\t\t<\/div>\n\t\t\t\t<\/div>\n\t\t\t\t\t<\/div>\n\t\t\t\t<\/div>\n\t\t<div class=\"elementor-element elementor-element-fb0ea62 e-flex e-con-boxed e-con e-parent\" data-id=\"fb0ea62\" data-element_type=\"container\" data-e-type=\"container\">\n\t\t\t\t\t<div class=\"e-con-inner\">\n\t\t<div class=\"elementor-element elementor-element-26191d0 e-con-full e-flex e-con e-child\" data-id=\"26191d0\" data-element_type=\"container\" data-e-type=\"container\">\n\t\t\t\t<div class=\"elementor-element elementor-element-b1c0723 elementor-widget elementor-widget-text-editor\" data-id=\"b1c0723\" data-element_type=\"widget\" data-e-type=\"widget\" data-widget_type=\"text-editor.default\">\n\t\t\t\t<div class=\"elementor-widget-container\">\n\t\t\t\t\t\t\t\t\t<p>Mesle\u011fi : Kimyager<br \/>Do\u011fum Tarihi : 24\/12\/1965<br \/>Do\u011fum Yeri : Emirda\u011f\/Afyon<br \/>Medeni Durumu : Evli<br \/>\u00c7ocuk Durumu : Bir K\u0131z, Bir Erkek, 2 \u00c7ocuk<br \/>E\u011fitim : ODT\u00dc \u2013K\u0130MYA (1991)<\/p><p>\u00a0<\/p><p>\u00a0<\/p><p>\u0130\u015e DENEY\u0130M\u0130<br \/>A ) \u015eirket Sahipli\u011fi Yolu ile yap\u0131lan i\u015fler;<\/p><p>2009 &#8211; 2013 Nida Su<br \/>Kurucu Ortak<br \/>General Manager<br \/>Project Manager<\/p><p>2005 &#8211; 2006 KUARK Laser Technology Ltd<br \/>Kurucu Ortak<\/p><p>1996 Anadolu G\u0131da ve Ticaret A.\u015e. (\u00c7in \u2013Pekin)<br \/>Kurucu Ortak, (P.R.\u00c7in de kurulan \u0130LK %100 T\u00fcrk sermayeli \u015firket)<\/p><p>1994 S\u00fcperbilgi \u0130leti\u015fim ve Bilgi Da\u011f\u0131t\u0131m Ltd \u015eti.<br \/>Kurucu Ortak (1994-2004)<\/p><p>1992 N\u00f6tron Ltd \u015eti.<br \/>Kurucu Ortak (1992-2005)<\/p>\t\t\t\t\t\t\t\t<\/div>\n\t\t\t\t<\/div>\n\t\t\t\t<\/div>\n\t\t<div class=\"elementor-element elementor-element-dd53dc0 e-con-full e-flex e-con e-child\" data-id=\"dd53dc0\" data-element_type=\"container\" data-e-type=\"container\">\n\t\t\t\t<div class=\"elementor-element elementor-element-44d76ef elementor-widget elementor-widget-text-editor\" data-id=\"44d76ef\" data-element_type=\"widget\" data-e-type=\"widget\" data-widget_type=\"text-editor.default\">\n\t\t\t\t<div class=\"elementor-widget-container\">\n\t\t\t\t\t\t\t\t\t<p>\u00a0<\/p><p>B ) Profesyonel Hizmet Akitleri Yolu ile yap\u0131lan i\u015fler:<\/p><p>Apr 2017 -2019 Aegean Spirit Trading Co.<br \/>China Operation Manager \/ China Consultant<br \/>2008-2009 BAYTA\u015e \u00c7EL\u0130K A.\u015e.<br \/>D\u0131\u015f Ticaret Md \/ \u00c7in Ticaret Dan\u0131\u015fman\u0131<br \/>2006 &#8211; 2008 Som Group San. Tic. A.\u015e.<br \/>China Operation Manager China Consultant<br \/>2001 &#8211; 2003 \u00c7\u0131\u011f\u0131r Kimya Sanayi Ltd. \u015eti.<br \/>\u00c7in Ticaret M\u00fcd\u00fcrl\u00fc\u011f\u00fc Uzakdo\u011fu Dan\u0131\u015fmanl\u0131k<br \/>1998 &#8211; 1999 AK\u00dc\u2019de \u00d6\u011fretim G\u00f6revlisi<br \/>1997-1998 YILMAZ K\u0130MYA<br \/>D\u0131\u015f Ticaret Md\/ \u00c7in Ticaret Dan\u0131\u015fman\u0131<br \/>A\u011fustos 1991-Nisan 1992 K\u0130METSAN \/ ANKARA<br \/>D\u0131\u015f Ticaret B\u00f6l<br \/>Bilimsel Makale \/ Yay\u0131nlar :<\/p><p>Nematik S\u0131v\u0131 Kristal Sentezi AK\u00dc Dergisi \u2013 Ocak 1999 say\u0131s\u0131<\/p>\t\t\t\t\t\t\t\t<\/div>\n\t\t\t\t<\/div>\n\t\t\t\t<div class=\"elementor-element elementor-element-7782bb5 elementor-widget elementor-widget-text-editor\" data-id=\"7782bb5\" data-element_type=\"widget\" data-e-type=\"widget\" data-widget_type=\"text-editor.default\">\n\t\t\t\t<div class=\"elementor-widget-container\">\n\t\t\t\t\t\t\t\t\t<p><strong>ALINAN \u00d6D\u00dcLLER:<\/strong><\/p><p>T\u00fcbitak (1982-1983) Proje Yar\u0131\u015fmas\u0131 Te\u015fvik \u00d6d\u00fcl\u00fc<br \/>Lingstrum \u0130ndikat\u00f6r\u00fc Eldesi ve \u00d6zellikleri<br \/><br \/><\/p>\t\t\t\t\t\t\t\t<\/div>\n\t\t\t\t<\/div>\n\t\t\t\t<div class=\"elementor-element elementor-element-66d2cca elementor-widget elementor-widget-text-editor\" data-id=\"66d2cca\" data-element_type=\"widget\" data-e-type=\"widget\" data-widget_type=\"text-editor.default\">\n\t\t\t\t<div class=\"elementor-widget-container\">\n\t\t\t\t\t\t\t\t\t<p>T\u00fcbitak 1989 \u00dcniversite Proje Yar\u0131\u015fmas\u0131<br \/>Nematik S\u0131v\u0131 \u2013Kristal (KEVLAR) Sentezi ve Gerilim Grafi\u011fi<\/p>\t\t\t\t\t\t\t\t<\/div>\n\t\t\t\t<\/div>\n\t\t\t\t<\/div>\n\t\t<div class=\"elementor-element elementor-element-3f61818 e-con-full e-flex e-con e-child\" data-id=\"3f61818\" data-element_type=\"container\" data-e-type=\"container\">\n\t\t\t\t<div class=\"elementor-element elementor-element-8183587 elementor-widget elementor-widget-text-editor\" data-id=\"8183587\" data-element_type=\"widget\" data-e-type=\"widget\" data-widget_type=\"text-editor.default\">\n\t\t\t\t<div class=\"elementor-widget-container\">\n\t\t\t\t\t\t\t\t\t<p>K\u0130TAPLAR :<\/p><p>\u00c7in Bolvadin\u2019den Beijing\u2019e, Anadolu Ankalar\u0131n\u0131n \u00c7in Ejderleri ile Tan\u0131\u015fmas\u0131, 2012, Beyaz Yay\u0131nlar\u0131<br \/>ETK\u0130NL\u0130KLER:<\/p><p>1994 \u2013 Uzmanl\u0131k Kimyasallar\u0131 Konferans\u0131 (Singapur)<br \/>1995 \u2013 Uzmanl\u0131k Kimyasallar\u0131 Konferans\u0131 (Pekin)<br \/>1997 \u2013 Milano\/Fuar<br \/>1994-2019 \u2013 Guangzhou (Canton ) fuarlar\u0131<br \/>YABANCI D\u0130L:<\/p><p>\u0130yi derecede \u0130ngilizce<br \/>Orta derecede \u00c7ince<\/p>\t\t\t\t\t\t\t\t<\/div>\n\t\t\t\t<\/div>\n\t\t\t\t<\/div>\n\t\t\t\t\t<\/div>\n\t\t\t\t<\/div>\n\t\t<div class=\"elementor-element elementor-element-1cf405f e-flex e-con-boxed e-con e-parent\" data-id=\"1cf405f\" data-element_type=\"container\" data-e-type=\"container\">\n\t\t\t\t\t<div class=\"e-con-inner\">\n\t\t\t\t<div class=\"elementor-element elementor-element-d74f1f7 elementor-headline--style-highlight elementor-widget elementor-widget-animated-headline\" data-id=\"d74f1f7\" data-element_type=\"widget\" data-e-type=\"widget\" data-settings=\"{&quot;highlighted_text&quot;:&quot;\\u00c7\\u00f6z\\u00fcm, do\\u011fru form\\u00fclleri bulmakta de\\u011fil, cesaretle yeni yollar ke\\u015ffetmekte yatar.\\&quot; &quot;,&quot;headline_style&quot;:&quot;highlight&quot;,&quot;marker&quot;:&quot;circle&quot;,&quot;loop&quot;:&quot;yes&quot;,&quot;highlight_animation_duration&quot;:1200,&quot;highlight_iteration_delay&quot;:8000}\" data-widget_type=\"animated-headline.default\">\n\t\t\t\t<div class=\"elementor-widget-container\">\n\t\t\t\t\t\t\t<h3 class=\"elementor-headline\">\n\t\t\t\t\t<span class=\"elementor-headline-plain-text elementor-headline-text-wrapper\">\"Hayat, bir denklemden \u00e7ok daha fazlas\u0131d\u0131r. <\/span>\n\t\t\t\t<span class=\"elementor-headline-dynamic-wrapper elementor-headline-text-wrapper\">\n\t\t\t\t\t<span class=\"elementor-headline-dynamic-text elementor-headline-text-active\">\u00c7\u00f6z\u00fcm, do\u011fru form\u00fclleri bulmakta de\u011fil, cesaretle yeni yollar ke\u015ffetmekte yatar.\" <\/span>\n\t\t\t\t<\/span>\n\t\t\t\t\t<span class=\"elementor-headline-plain-text elementor-headline-text-wrapper\">Ahmet Hamamc\u0131o\u011flu<\/span>\n\t\t\t\t\t<\/h3>\n\t\t\t\t\t\t<\/div>\n\t\t\t\t<\/div>\n\t\t\t\t\t<\/div>\n\t\t\t\t<\/div>\n\t\t\t\t<\/div>\n\t\t","protected":false},"excerpt":{"rendered":"<p>Hakk\u0131m\u0131zda Ahmet Hamamc\u0131o\u011flu Kimdir? Kimyager, \u0130\u015f \u0130nsan\u0131, Vizyoner ve S\u0131n\u0131rlar\u0131 A\u015fan Bir \u00d6nc\u00fc. Hayat, baz\u0131 insanlara s\u0131radan bir hik\u00e2ye yazmay\u0131 vaat ederken, Ahmet Hamamc\u0131o\u011flu gibi vizyonerler i\u00e7in adeta bir tuval sunar. Kimyager, giri\u015fimci, proje y\u00f6neticisi, dan\u0131\u015fman, akademisyen ve yazar\u2026 Peki, bir insan\u0131n hayat\u0131na bu kadar \u00e7ok renk nas\u0131l s\u0131\u011far? Cevap basit:\u00a0Durmadan \u00f6\u011frenmek, ke\u015ffetmek ve payla\u015fmakla\u2026 [&hellip;]<\/p>\n","protected":false},"author":1,"featured_media":41,"parent":0,"menu_order":0,"comment_status":"closed","ping_status":"closed","template":"elementor_header_footer","meta":{"site-sidebar-layout":"default","site-content-layout":"","ast-site-content-layout":"default","site-content-style":"default","site-sidebar-style":"default","ast-global-header-display":"","ast-banner-title-visibility":"","ast-main-header-display":"","ast-hfb-above-header-display":"","ast-hfb-below-header-display":"","ast-hfb-mobile-header-display":"","site-post-title":"","ast-breadcrumbs-content":"","ast-featured-img":"","footer-sml-layout":"","ast-disable-related-posts":"","theme-transparent-header-meta":"","adv-header-id-meta":"","stick-header-meta":"","header-above-stick-meta":"","header-main-stick-meta":"","header-below-stick-meta":"","astra-migrate-meta-layouts":"default","ast-page-background-enabled":"default","ast-page-background-meta":{"desktop":{"background-color":"var(--ast-global-color-4)","background-image":"","background-repeat":"repeat","background-position":"center center","background-size":"auto","background-attachment":"scroll","background-type":"","background-media":"","overlay-type":"","overlay-color":"","overlay-opacity":"","overlay-gradient":""},"tablet":{"background-color":"","background-image":"","background-repeat":"repeat","background-position":"center center","background-size":"auto","background-attachment":"scroll","background-type":"","background-media":"","overlay-type":"","overlay-color":"","overlay-opacity":"","overlay-gradient":""},"mobile":{"background-color":"","background-image":"","background-repeat":"repeat","background-position":"center center","background-size":"auto","background-attachment":"scroll","background-type":"","background-media":"","overlay-type":"","overlay-color":"","overlay-opacity":"","overlay-gradient":""}},"ast-content-background-meta":{"desktop":{"background-color":"var(--ast-global-color-5)","background-image":"","background-repeat":"repeat","background-position":"center center","background-size":"auto","background-attachment":"scroll","background-type":"","background-media":"","overlay-type":"","overlay-color":"","overlay-opacity":"","overlay-gradient":""},"tablet":{"background-color":"var(--ast-global-color-5)","background-image":"","background-repeat":"repeat","background-position":"center center","background-size":"auto","background-attachment":"scroll","background-type":"","background-media":"","overlay-type":"","overlay-color":"","overlay-opacity":"","overlay-gradient":""},"mobile":{"background-color":"var(--ast-global-color-5)","background-image":"","background-repeat":"repeat","background-position":"center center","background-size":"auto","background-attachment":"scroll","background-type":"","background-media":"","overlay-type":"","overlay-color":"","overlay-opacity":"","overlay-gradient":""}},"footnotes":""},"class_list":["post-28","page","type-page","status-publish","has-post-thumbnail","hentry"],"_links":{"self":[{"href":"http:\/\/www.notron.net\/index.php\/wp-json\/wp\/v2\/pages\/28","targetHints":{"allow":["GET"]}}],"collection":[{"href":"http:\/\/www.notron.net\/index.php\/wp-json\/wp\/v2\/pages"}],"about":[{"href":"http:\/\/www.notron.net\/index.php\/wp-json\/wp\/v2\/types\/page"}],"author":[{"embeddable":true,"href":"http:\/\/www.notron.net\/index.php\/wp-json\/wp\/v2\/users\/1"}],"replies":[{"embeddable":true,"href":"http:\/\/www.notron.net\/index.php\/wp-json\/wp\/v2\/comments?post=28"}],"version-history":[{"count":26,"href":"http:\/\/www.notron.net\/index.php\/wp-json\/wp\/v2\/pages\/28\/revisions"}],"predecessor-version":[{"id":292,"href":"http:\/\/www.notron.net\/index.php\/wp-json\/wp\/v2\/pages\/28\/revisions\/292"}],"wp:featuredmedia":[{"embeddable":true,"href":"http:\/\/www.notron.net\/index.php\/wp-json\/wp\/v2\/media\/41"}],"wp:attachment":[{"href":"http:\/\/www.notron.net\/index.php\/wp-json\/wp\/v2\/media?parent=28"}],"curies":[{"name":"wp","href":"https:\/\/api.w.org\/{rel}","templated":true}]}}